{"id":2687,"date":"2012-03-06T15:10:12","date_gmt":"2012-03-06T14:10:12","guid":{"rendered":"http:\/\/ulliso.se\/blog\/?page_id=2687"},"modified":"2021-08-15T22:31:01","modified_gmt":"2021-08-15T20:31:01","slug":"vem-ar-ullis","status":"publish","type":"page","link":"https:\/\/ulliso.se\/blog\/?page_id=2687","title":{"rendered":"Vem \u00e4r Ullis?"},"content":{"rendered":"<p>* Mamma till 3 = son 25 \u00e5r, dotter 24 \u00e5r, dotter 16 \u00e5r.&nbsp;<\/p>\n<p>* Gift med Jonas.<\/p>\n<p>* Undersk\u00f6terska.<\/p>\n<p>* Har en katt som heter Cornelia, men hon kallas bara f\u00f6r Cornis.&nbsp;<\/p>\n<p>* \u00c4lskar musik och lyssnar p\u00e5 det varje dag.<\/p>\n<p>* Fotograferar mycket, b\u00e5de med mobilen och digitalkamera.<\/p>\n<p>* L\u00e4ser periodvis mycket b\u00f6cker. Har en f\u00f6rk\u00e4rlek f\u00f6r svenska deckare samt b\u00f6cker om medicin, kost och h\u00e4lsa.<\/p>\n<p><span style=\"font-size: revert; color: initial;\">* Periodvis l\u00f6ser jag \u00e4ven korsord.&nbsp;<\/span><\/p>\n","protected":false},"excerpt":{"rendered":"<p>* Mamma till 3 = son 25 \u00e5r, dotter 24 \u00e5r, dotter 16 \u00e5r.&nbsp; * Gift med Jonas. * Undersk\u00f6terska. * Har en katt som heter Cornelia, men hon kallas bara f\u00f6r Cornis.&nbsp; * \u00c4lskar musik och lyssnar p\u00e5 det varje dag. * Fotograferar mycket, b\u00e5de med mobilen och digitalkamera. * L\u00e4ser periodvis mycket b\u00f6cker. [&hellip;]<\/p>\n","protected":false},"author":1,"featured_media":0,"parent":0,"menu_order":0,"comment_status":"open","ping_status":"open","template":"","meta":{"ngg_post_thumbnail":0},"_links":{"self":[{"href":"https:\/\/ulliso.se\/blog\/index.php?rest_route=\/wp\/v2\/pages\/2687"}],"collection":[{"href":"https:\/\/ulliso.se\/blog\/index.php?rest_route=\/wp\/v2\/pages"}],"about":[{"href":"https:\/\/ulliso.se\/blog\/index.php?rest_route=\/wp\/v2\/types\/page"}],"author":[{"embeddable":true,"href":"https:\/\/ulliso.se\/blog\/index.php?rest_route=\/wp\/v2\/users\/1"}],"replies":[{"embeddable":true,"href":"https:\/\/ulliso.se\/blog\/index.php?rest_route=%2Fwp%2Fv2%2Fcomments&post=2687"}],"version-history":[{"count":10,"href":"https:\/\/ulliso.se\/blog\/index.php?rest_route=\/wp\/v2\/pages\/2687\/revisions"}],"predecessor-version":[{"id":6666,"href":"https:\/\/ulliso.se\/blog\/index.php?rest_route=\/wp\/v2\/pages\/2687\/revisions\/6666"}],"wp:attachment":[{"href":"https:\/\/ulliso.se\/blog\/index.php?rest_route=%2Fwp%2Fv2%2Fmedia&parent=2687"}],"curies":[{"name":"wp","href":"https:\/\/api.w.org\/{rel}","templated":true}]}}